{"id":1146,"date":"2023-01-30T17:05:46","date_gmt":"2023-01-30T17:05:46","guid":{"rendered":"https:\/\/mesturasons.com\/?page_id=1146"},"modified":"2026-03-19T11:36:32","modified_gmt":"2026-03-19T11:36:32","slug":"contacto","status":"publish","type":"page","link":"https:\/\/mesturasons.com\/en\/contacto\/","title":{"rendered":"Contact"},"content":{"rendered":"<div data-elementor-type=\"wp-page\" data-elementor-id=\"1146\" class=\"elementor elementor-1146\">\n\t\t\t\t\t\t<section class=\"elementor-section elementor-top-section elementor-element elementor-element-56d26753 elementor-section-boxed elementor-section-height-default elementor-section-height-default\" data-id=\"56d26753\" data-element_type=\"section\" data-e-type=\"section\">\n\t\t\t\t\t\t<div class=\"elementor-container elementor-column-gap-default\">\n\t\t\t\t\t<div class=\"elementor-column elementor-col-100 elementor-top-column elementor-element elementor-element-1bf081e5\" data-id=\"1bf081e5\" data-element_type=\"column\" data-e-type=\"column\">\n\t\t\t<div class=\"elementor-widget-wrap elementor-element-populated\">\n\t\t\t\t\t\t<div class=\"elementor-element elementor-element-39398e2d elementor-widget elementor-widget-spacer\" data-id=\"39398e2d\" data-element_type=\"widget\" data-e-type=\"widget\" data-widget_type=\"spacer.default\">\n\t\t\t\t<div class=\"elementor-widget-container\">\n\t\t\t\t\t\t\t<div class=\"elementor-spacer\">\n\t\t\t<div class=\"elementor-spacer-inner\"><\/div>\n\t\t<\/div>\n\t\t\t\t\t\t<\/div>\n\t\t\t\t<\/div>\n\t\t\t\t\t<\/div>\n\t\t<\/div>\n\t\t\t\t\t<\/div>\n\t\t<\/section>\n\t\t\t\t<section class=\"elementor-section elementor-top-section elementor-element elementor-element-5f72d66d elementor-section-boxed elementor-section-height-default elementor-section-height-default\" data-id=\"5f72d66d\" data-element_type=\"section\" data-e-type=\"section\">\n\t\t\t\t\t\t<div class=\"elementor-container elementor-column-gap-default\">\n\t\t\t\t\t<div class=\"elementor-column elementor-col-20 elementor-top-column elementor-element elementor-element-4fbdb231\" data-id=\"4fbdb231\" data-element_type=\"column\" data-e-type=\"column\">\n\t\t\t<div class=\"elementor-widget-wrap elementor-element-populated\">\n\t\t\t\t\t\t<div class=\"elementor-element elementor-element-ecab870 elementor-widget elementor-widget-image\" data-id=\"ecab870\" data-element_type=\"widget\" data-e-type=\"widget\" data-widget_type=\"image.default\">\n\t\t\t\t<div class=\"elementor-widget-container\">\n\t\t\t\t\t\t\t\t\t\t\t\t\t\t\t\t<a href=\"https:\/\/mesturasons.com\/en\/\">\n\t\t\t\t\t\t\t<img fetchpriority=\"high\" decoding=\"async\" width=\"220\" height=\"300\" src=\"https:\/\/mesturasons.com\/wp-content\/uploads\/2022\/11\/cropped-LogoVertical-naranja1-220x300.png\" class=\"attachment-medium size-medium wp-image-418\" alt=\"\" srcset=\"https:\/\/mesturasons.com\/wp-content\/uploads\/2022\/11\/cropped-LogoVertical-naranja1-220x300.png 220w, https:\/\/mesturasons.com\/wp-content\/uploads\/2022\/11\/cropped-LogoVertical-naranja1-751x1024.png 751w, https:\/\/mesturasons.com\/wp-content\/uploads\/2022\/11\/cropped-LogoVertical-naranja1-768x1047.png 768w, https:\/\/mesturasons.com\/wp-content\/uploads\/2022\/11\/cropped-LogoVertical-naranja1.png 954w\" sizes=\"(max-width: 220px) 100vw, 220px\" \/>\t\t\t\t\t\t\t\t<\/a>\n\t\t\t\t\t\t\t\t\t\t\t\t\t\t\t<\/div>\n\t\t\t\t<\/div>\n\t\t\t\t\t<\/div>\n\t\t<\/div>\n\t\t\t\t<div class=\"elementor-column elementor-col-20 elementor-top-column elementor-element elementor-element-7777785c\" data-id=\"7777785c\" data-element_type=\"column\" data-e-type=\"column\">\n\t\t\t<div class=\"elementor-widget-wrap\">\n\t\t\t\t\t\t\t<\/div>\n\t\t<\/div>\n\t\t\t\t<div class=\"elementor-column elementor-col-20 elementor-top-column elementor-element elementor-element-6fa2c688\" data-id=\"6fa2c688\" data-element_type=\"column\" data-e-type=\"column\">\n\t\t\t<div class=\"elementor-widget-wrap elementor-element-populated\">\n\t\t\t\t\t\t<div class=\"elementor-element elementor-element-5c630eab elementor-widget elementor-widget-text-editor\" data-id=\"5c630eab\" data-element_type=\"widget\" data-e-type=\"widget\" data-widget_type=\"text-editor.default\">\n\t\t\t\t<div class=\"elementor-widget-container\">\n\t\t\t\t\t\t\t\t\t<h3><span style=\"font-family: headnow52mesturasons; font-size: 18pt;\"><strong>CONTACT<\/strong><\/span><\/h3><div><p><span style=\"font-size: 18pt; font-family: Helvetica;\"><strong>son@mesturasons.com<\/strong><\/span><\/p><p><span style=\"font-size: 18pt; font-family: Helvetica;\"><strong>+34 639 024 084<\/strong><\/span><\/p><\/div>\t\t\t\t\t\t\t\t<\/div>\n\t\t\t\t<\/div>\n\t\t\t\t\t<\/div>\n\t\t<\/div>\n\t\t\t\t<div class=\"elementor-column elementor-col-20 elementor-top-column elementor-element elementor-element-4b46f13a\" data-id=\"4b46f13a\" data-element_type=\"column\" data-e-type=\"column\">\n\t\t\t<div class=\"elementor-widget-wrap\">\n\t\t\t\t\t\t\t<\/div>\n\t\t<\/div>\n\t\t\t\t<div class=\"elementor-column elementor-col-20 elementor-top-column elementor-element elementor-element-5936e5ac\" data-id=\"5936e5ac\" data-element_type=\"column\" data-e-type=\"column\">\n\t\t\t<div class=\"elementor-widget-wrap\">\n\t\t\t\t\t\t\t<\/div>\n\t\t<\/div>\n\t\t\t\t\t<\/div>\n\t\t<\/section>\n\t\t\t\t<section class=\"elementor-section elementor-top-section elementor-element elementor-element-dbda87e elementor-section-boxed elementor-section-height-default elementor-section-height-default\" data-id=\"dbda87e\" data-element_type=\"section\" data-e-type=\"section\">\n\t\t\t\t\t\t<div class=\"elementor-container elementor-column-gap-default\">\n\t\t\t\t\t<div class=\"elementor-column elementor-col-100 elementor-top-column elementor-element elementor-element-14c404d\" data-id=\"14c404d\" data-element_type=\"column\" data-e-type=\"column\">\n\t\t\t<div class=\"elementor-widget-wrap elementor-element-populated\">\n\t\t\t\t\t\t<div class=\"elementor-element elementor-element-2735dc8 elementor-widget__width-inherit premium-nav-hor premium-nav-none premium-ham-dropdown elementor-widget elementor-widget-premium-nav-menu\" data-id=\"2735dc8\" data-element_type=\"widget\" data-e-type=\"widget\" data-settings=\"{&quot;submenu_icon&quot;:{&quot;value&quot;:&quot;fas fa-angle-down&quot;,&quot;library&quot;:&quot;fa-solid&quot;},&quot;submenu_item_icon&quot;:{&quot;value&quot;:&quot;&quot;,&quot;library&quot;:&quot;&quot;}}\" data-widget_type=\"premium-nav-menu.default\">\n\t\t\t\t<div class=\"elementor-widget-container\">\n\t\t\t\t\t\t\t\t<div data-settings=\"{&quot;breakpoint&quot;:1024,&quot;mobileLayout&quot;:&quot;dropdown&quot;,&quot;mainLayout&quot;:&quot;hor&quot;,&quot;stretchDropdown&quot;:false,&quot;hoverEffect&quot;:&quot;&quot;,&quot;submenuEvent&quot;:&quot;hover&quot;,&quot;submenuTrigger&quot;:null,&quot;closeAfterClick&quot;:false}\" class=\"premium-nav-widget-container premium-nav-pointer-none\" style=\"visibility:hidden; opacity:0;\">\n\t\t\t\t<div class=\"premium-ver-inner-container\">\n\t\t\t\t\t<div class=\"premium-hamburger-toggle premium-mobile-menu-icon\" role=\"button\" aria-label=\"Toggle Menu\">\n\t\t\t\t\t\t<span class=\"premium-toggle-text\">\n\t\t\t\t\t\t\t<i aria-hidden=\"true\" class=\"fas fa-bars\"><\/i>Menu\t\t\t\t\t\t<\/span>\n\t\t\t\t\t\t<span class=\"premium-toggle-close\">\n\t\t\t\t\t\t\t<i aria-hidden=\"true\" class=\"fas fa-times\"><\/i>Close\t\t\t\t\t\t<\/span>\n\t\t\t\t\t<\/div>\n\t\t\t\t\t\t\t\t\t\t\t\t<div class=\"premium-nav-menu-container premium-nav-default\">\n\t\t\t\t\t\t\t\t<ul id=\"menu-menu-mesturasons\" class=\"premium-nav-menu premium-main-nav-menu\"><li id=\"premium-nav-menu-item-3176\" class=\"menu-item menu-item-type-post_type menu-item-object-page menu-item-home premium-nav-menu-item\"><a href=\"https:\/\/mesturasons.com\/en\/\" class=\"premium-menu-link premium-menu-link-parent\">Home<\/a><\/li>\n<li id=\"premium-nav-menu-item-2110\" class=\"menu-item menu-item-type-post_type menu-item-object-page premium-nav-menu-item\"><a href=\"https:\/\/mesturasons.com\/en\/diseno-de-sonido-postproduccion\/\" class=\"premium-menu-link premium-menu-link-parent\">Sound for Films<\/a><\/li>\n<li id=\"premium-nav-menu-item-3185\" class=\"menu-item menu-item-type-post_type menu-item-object-page premium-nav-menu-item\"><a href=\"https:\/\/mesturasons.com\/en\/sonido-inmersivo-sonido-interactivo\/\" class=\"premium-menu-link premium-menu-link-parent\">Immersive &amp; Interactive Sound<\/a><\/li>\n<li id=\"premium-nav-menu-item-2112\" class=\"menu-item menu-item-type-post_type menu-item-object-page premium-nav-menu-item\"><a href=\"https:\/\/mesturasons.com\/en\/sonido-para-exposiciones\/\" class=\"premium-menu-link premium-menu-link-parent\">Sound for museums and exhibitions<\/a><\/li>\n<li id=\"premium-nav-menu-item-2113\" class=\"menu-item menu-item-type-post_type menu-item-object-page premium-nav-menu-item\"><a href=\"https:\/\/mesturasons.com\/en\/a-fabrica-da-musica\/\" class=\"premium-menu-link premium-menu-link-parent\">The Music Factory<\/a><\/li>\n<li id=\"premium-nav-menu-item-2114\" class=\"menu-item menu-item-type-post_type menu-item-object-page premium-nav-menu-item\"><a href=\"https:\/\/mesturasons.com\/en\/sobre-mi\/\" class=\"premium-menu-link premium-menu-link-parent\">About me<\/a><\/li>\n<\/ul>\t\t\t\t\t\t\t<\/div>\n\t\t\t\t\t\t\t\t\t\t\t\t\t\t<div class=\"premium-mobile-menu-container\">\n\t\t\t\t\t\t\t\t<ul id=\"menu-menu-mesturasons-1\" class=\"premium-mobile-menu premium-main-mobile-menu premium-main-nav-menu\"><li id=\"premium-nav-menu-item-31761\" class=\"menu-item menu-item-type-post_type menu-item-object-page menu-item-home premium-nav-menu-item\"><a href=\"https:\/\/mesturasons.com\/en\/\" class=\"premium-menu-link premium-menu-link-parent\">Home<\/a><\/li>\n<li id=\"premium-nav-menu-item-21102\" class=\"menu-item menu-item-type-post_type menu-item-object-page premium-nav-menu-item\"><a href=\"https:\/\/mesturasons.com\/en\/diseno-de-sonido-postproduccion\/\" class=\"premium-menu-link premium-menu-link-parent\">Sound for Films<\/a><\/li>\n<li id=\"premium-nav-menu-item-31853\" class=\"menu-item menu-item-type-post_type menu-item-object-page premium-nav-menu-item\"><a href=\"https:\/\/mesturasons.com\/en\/sonido-inmersivo-sonido-interactivo\/\" class=\"premium-menu-link premium-menu-link-parent\">Immersive &amp; Interactive Sound<\/a><\/li>\n<li id=\"premium-nav-menu-item-21124\" class=\"menu-item menu-item-type-post_type menu-item-object-page premium-nav-menu-item\"><a href=\"https:\/\/mesturasons.com\/en\/sonido-para-exposiciones\/\" class=\"premium-menu-link premium-menu-link-parent\">Sound for museums and exhibitions<\/a><\/li>\n<li id=\"premium-nav-menu-item-21135\" class=\"menu-item menu-item-type-post_type menu-item-object-page premium-nav-menu-item\"><a href=\"https:\/\/mesturasons.com\/en\/a-fabrica-da-musica\/\" class=\"premium-menu-link premium-menu-link-parent\">The Music Factory<\/a><\/li>\n<li id=\"premium-nav-menu-item-21146\" class=\"menu-item menu-item-type-post_type menu-item-object-page premium-nav-menu-item\"><a href=\"https:\/\/mesturasons.com\/en\/sobre-mi\/\" class=\"premium-menu-link premium-menu-link-parent\">About me<\/a><\/li>\n<\/ul>\t\t\t\t\t\t\t<\/div>\n\t\t\t\t\t\t\t\t\t\t\t<\/div>\n\t\t\t<\/div>\n\t\t\t\t\t\t<\/div>\n\t\t\t\t<\/div>\n\t\t\t\t\t<\/div>\n\t\t<\/div>\n\t\t\t\t\t<\/div>\n\t\t<\/section>\n\t\t\t\t<section class=\"elementor-section elementor-top-section elementor-element elementor-element-c67d3b8 elementor-section-boxed elementor-section-height-default elementor-section-height-default\" data-id=\"c67d3b8\" data-element_type=\"section\" data-e-type=\"section\">\n\t\t\t\t\t\t<div class=\"elementor-container elementor-column-gap-default\">\n\t\t\t\t\t<div class=\"elementor-column elementor-col-100 elementor-top-column elementor-element elementor-element-8b67219\" data-id=\"8b67219\" data-element_type=\"column\" data-e-type=\"column\">\n\t\t\t<div class=\"elementor-widget-wrap\">\n\t\t\t\t\t\t\t<\/div>\n\t\t<\/div>\n\t\t\t\t\t<\/div>\n\t\t<\/section>\n\t\t\t\t<section class=\"elementor-section elementor-top-section elementor-element elementor-element-c02a9ac elementor-section-boxed elementor-section-height-default elementor-section-height-default\" data-id=\"c02a9ac\" data-element_type=\"section\" data-e-type=\"section\">\n\t\t\t\t\t\t<div class=\"elementor-container elementor-column-gap-default\">\n\t\t\t\t\t<div class=\"elementor-column elementor-col-100 elementor-top-column elementor-element elementor-element-d1e34d3\" data-id=\"d1e34d3\" data-element_type=\"column\" data-e-type=\"column\">\n\t\t\t<div class=\"elementor-widget-wrap\">\n\t\t\t\t\t\t\t<\/div>\n\t\t<\/div>\n\t\t\t\t\t<\/div>\n\t\t<\/section>\n\t\t\t\t<section class=\"elementor-section elementor-top-section elementor-element elementor-element-e3c7423 elementor-section-boxed elementor-section-height-default elementor-section-height-default\" data-id=\"e3c7423\" data-element_type=\"section\" data-e-type=\"section\">\n\t\t\t\t\t\t<div class=\"elementor-container elementor-column-gap-default\">\n\t\t\t\t\t<div class=\"elementor-column elementor-col-16 elementor-top-column elementor-element elementor-element-7bae1c2\" data-id=\"7bae1c2\" data-element_type=\"column\" data-e-type=\"column\">\n\t\t\t<div class=\"elementor-widget-wrap\">\n\t\t\t\t\t\t\t<\/div>\n\t\t<\/div>\n\t\t\t\t<div class=\"elementor-column elementor-col-16 elementor-top-column elementor-element elementor-element-2be9b1f\" data-id=\"2be9b1f\" data-element_type=\"column\" data-e-type=\"column\">\n\t\t\t<div class=\"elementor-widget-wrap elementor-element-populated\">\n\t\t\t\t\t\t\t<\/div>\n\t\t<\/div>\n\t\t\t\t<div class=\"elementor-column elementor-col-16 elementor-top-column elementor-element elementor-element-5fd529d\" data-id=\"5fd529d\" data-element_type=\"column\" data-e-type=\"column\">\n\t\t\t<div class=\"elementor-widget-wrap elementor-element-populated\">\n\t\t\t\t\t\t\t<\/div>\n\t\t<\/div>\n\t\t\t\t<div class=\"elementor-column elementor-col-16 elementor-top-column elementor-element elementor-element-b1c88e0\" data-id=\"b1c88e0\" data-element_type=\"column\" data-e-type=\"column\">\n\t\t\t<div class=\"elementor-widget-wrap\">\n\t\t\t\t\t\t\t<\/div>\n\t\t<\/div>\n\t\t\t\t<div class=\"elementor-column elementor-col-16 elementor-top-column elementor-element elementor-element-e914174\" data-id=\"e914174\" data-element_type=\"column\" data-e-type=\"column\">\n\t\t\t<div class=\"elementor-widget-wrap\">\n\t\t\t\t\t\t\t<\/div>\n\t\t<\/div>\n\t\t\t\t<div class=\"elementor-column elementor-col-16 elementor-top-column elementor-element elementor-element-e82e8ed\" data-id=\"e82e8ed\" data-element_type=\"column\" data-e-type=\"column\">\n\t\t\t<div class=\"elementor-widget-wrap\">\n\t\t\t\t\t\t\t<\/div>\n\t\t<\/div>\n\t\t\t\t\t<\/div>\n\t\t<\/section>\n\t\t\t\t<\/div>","protected":false},"excerpt":{"rendered":"<p>CONTACTO son@mesturasons.com +34 639 024 084 Menu Close Inicio Dise\u00f1o de sonido &#038; Postproducci\u00f3n Sonido inmersivo &#038; interactivo Sonido para museos y exposiciones A F\u00e1brica da M\u00fasica Sobre m\u00ed Inicio Dise\u00f1o de sonido &#038; Postproducci\u00f3n Sonido inmersivo &#038; interactivo Sonido para museos y exposiciones A F\u00e1brica da M\u00fasica Sobre m\u00ed<\/p>","protected":false},"author":1,"featured_media":0,"parent":0,"menu_order":0,"comment_status":"closed","ping_status":"closed","template":"","meta":{"footnotes":""},"class_list":["post-1146","page","type-page","status-publish","hentry"],"_links":{"self":[{"href":"https:\/\/mesturasons.com\/en\/wp-json\/wp\/v2\/pages\/1146"}],"collection":[{"href":"https:\/\/mesturasons.com\/en\/wp-json\/wp\/v2\/pages"}],"about":[{"href":"https:\/\/mesturasons.com\/en\/wp-json\/wp\/v2\/types\/page"}],"author":[{"embeddable":true,"href":"https:\/\/mesturasons.com\/en\/wp-json\/wp\/v2\/users\/1"}],"replies":[{"embeddable":true,"href":"https:\/\/mesturasons.com\/en\/wp-json\/wp\/v2\/comments?post=1146"}],"version-history":[{"count":27,"href":"https:\/\/mesturasons.com\/en\/wp-json\/wp\/v2\/pages\/1146\/revisions"}],"predecessor-version":[{"id":3217,"href":"https:\/\/mesturasons.com\/en\/wp-json\/wp\/v2\/pages\/1146\/revisions\/3217"}],"wp:attachment":[{"href":"https:\/\/mesturasons.com\/en\/wp-json\/wp\/v2\/media?parent=1146"}],"curies":[{"name":"wp","href":"https:\/\/api.w.org\/{rel}","templated":true}]}}